{"id":17534,"date":"2023-12-20T10:02:56","date_gmt":"2023-12-20T07:02:56","guid":{"rendered":"http:\/\/plaskar.com\/?page_id=17534"},"modified":"2024-09-26T10:49:30","modified_gmt":"2024-09-26T07:49:30","slug":"iletisim-2","status":"publish","type":"page","link":"https:\/\/plaskar.com\/en\/iletisim-2\/","title":{"rendered":"Contact"},"content":{"rendered":"\t\t<div data-elementor-type=\"wp-page\" data-elementor-id=\"17534\" class=\"elementor elementor-17534\">\n\t\t\t\t<div class=\"elementor-element elementor-element-300a7be e-con-full wd-section-stretch e-flex e-con e-parent\" data-id=\"300a7be\" data-element_type=\"container\" data-e-type=\"container\" data-settings=\"{&quot;background_background&quot;:&quot;classic&quot;}\">\n\t\t\t\t<div class=\"elementor-element elementor-element-6224f34 elementor-widget elementor-widget-heading\" data-id=\"6224f34\" data-element_type=\"widget\" data-e-type=\"widget\" data-widget_type=\"heading.default\">\n\t\t\t\t<div class=\"elementor-widget-container\">\n\t\t\t\t\t<h1 class=\"elementor-heading-title elementor-size-default\">\u0130leti\u015fim<\/h1>\t\t\t\t<\/div>\n\t\t\t\t<\/div>\n\t\t\t\t<\/div>\n\t\t\t\t<section class=\"elementor-section elementor-top-section elementor-element elementor-element-3f9dd547 elementor-section-boxed elementor-section-height-default elementor-section-height-default wd-section-disabled\" data-id=\"3f9dd547\" data-element_type=\"section\" data-e-type=\"section\">\n\t\t\t\t\t\t<div class=\"elementor-container elementor-column-gap-default\">\n\t\t\t\t\t<div class=\"elementor-column elementor-col-50 elementor-top-column elementor-element elementor-element-3018121\" data-id=\"3018121\" data-element_type=\"column\" data-e-type=\"column\">\n\t\t\t<div class=\"elementor-widget-wrap elementor-element-populated\">\n\t\t\t\t\t\t<div class=\"elementor-element elementor-element-23a66102 elementor-widget elementor-widget-wd_title\" data-id=\"23a66102\" data-element_type=\"widget\" data-e-type=\"widget\" data-widget_type=\"wd_title.default\">\n\t\t\t\t<div class=\"elementor-widget-container\">\n\t\t\t\t\t\t\t\t<link rel=\"stylesheet\" id=\"wd-section-title-css\" href=\"https:\/\/plaskar.com\/wp-content\/themes\/woodmart\/css\/parts\/el-section-title.min.css?ver=7.3.2\" type=\"text\/css\" media=\"all\" \/> \t\t\t\t\t\t<link rel=\"stylesheet\" id=\"wd-section-title-style-simple-and-brd-css\" href=\"https:\/\/plaskar.com\/wp-content\/themes\/woodmart\/css\/parts\/el-section-title-style-simple-and-brd.min.css?ver=7.3.2\" type=\"text\/css\" media=\"all\" \/> \t\t\t\t\t<div class=\"title-wrapper set-mb-s reset-last-child wd-title-color-default wd-title-style-bordered wd-title-size-default text-left\">\n\n\t\t\t\n\t\t\t<div class=\"liner-continer\">\n\t\t\t\t<h4 class=\"woodmart-title-container title wd-fontsize-l\">\u0130leti\u015fim Formu<\/h4> \n\t\t\t\t\t\t\t<\/div>\n\n\t\t\t\t\t<\/div>\n\t\t\t\t\t\t<\/div>\n\t\t\t\t<\/div>\n\t\t\t\t<div class=\"elementor-element elementor-element-17e970b elementor-widget elementor-widget-wpforms\" data-id=\"17e970b\" data-element_type=\"widget\" data-e-type=\"widget\" data-widget_type=\"wpforms.default\">\n\t\t\t\t<div class=\"elementor-widget-container\">\n\t\t\t\t\t<div class=\"wpforms-container wpforms-container-full wpforms-render-modern\" id=\"wpforms-16434\"><form id=\"wpforms-form-16434\" class=\"wpforms-validate wpforms-form wpforms-ajax-form\" data-formid=\"16434\" method=\"post\" enctype=\"multipart\/form-data\" action=\"\/en\/wp-json\/wp\/v2\/pages\/17534\" data-token=\"5b391312a63d1a4bb3864ff2816e83a0\" data-token-time=\"1777534431\"><noscript class=\"wpforms-error-noscript\">Please enable JavaScript in your browser to complete this form.<\/noscript><div id=\"wpforms-error-noscript\" style=\"display: none;\">Please enable JavaScript in your browser to complete this form.<\/div><div class=\"wpforms-field-container\"><div id=\"wpforms-16434-field_0-container\" class=\"wpforms-field wpforms-field-name\" data-field-id=\"0\"><label class=\"wpforms-field-label\" for=\"wpforms-16434-field_0\">Ad Soyad <span class=\"wpforms-required-label\" aria-hidden=\"true\">*<\/span><\/label><input type=\"text\" id=\"wpforms-16434-field_0\" class=\"wpforms-field-large wpforms-field-required\" name=\"wpforms[fields][0]\" aria-errormessage=\"wpforms-16434-field_0-error\" required><\/div><div id=\"wpforms-16434-field_1-container\" class=\"wpforms-field wpforms-field-email\" data-field-id=\"1\"><label class=\"wpforms-field-label\" for=\"wpforms-16434-field_1\">E-Posta Adresi <span class=\"wpforms-required-label\" aria-hidden=\"true\">*<\/span><\/label><input type=\"email\" id=\"wpforms-16434-field_1\" class=\"wpforms-field-large wpforms-field-required\" name=\"wpforms[fields][1]\" spellcheck=\"false\" aria-errormessage=\"wpforms-16434-field_1-error\" required><\/div><div id=\"wpforms-16434-field_3-container\" class=\"wpforms-field wpforms-field-text\" data-field-id=\"3\"><label class=\"wpforms-field-label\" for=\"wpforms-16434-field_3\">Firma Ad\u0131<\/label><input type=\"text\" id=\"wpforms-16434-field_3\" class=\"wpforms-field-large\" name=\"wpforms[fields][3]\" aria-errormessage=\"wpforms-16434-field_3-error\" ><\/div><div id=\"wpforms-16434-field_5-container\" class=\"wpforms-field wpforms-field-textarea\" data-field-id=\"5\"><label class=\"wpforms-field-label\" for=\"wpforms-16434-field_5\">Mesaj\u0131n\u0131z <span class=\"wpforms-required-label\" aria-hidden=\"true\">*<\/span><\/label><textarea id=\"wpforms-16434-field_5\" class=\"wpforms-field-medium wpforms-field-required\" name=\"wpforms[fields][5]\" aria-errormessage=\"wpforms-16434-field_5-error\" required><\/textarea><\/div><\/div><!-- .wpforms-field-container --><div class=\"wpforms-submit-container\" ><input type=\"hidden\" name=\"wpforms[id]\" value=\"16434\"><input type=\"hidden\" name=\"page_title\" value=\"\"><input type=\"hidden\" name=\"page_url\" value=\"https:\/\/plaskar.com\/en\/wp-json\/wp\/v2\/pages\/17534\"><input type=\"hidden\" name=\"url_referer\" value=\"\">\t\t<div id=\"cf-turnstile-wpf-4214572833\"\r\n\t\tclass=\"cf-turnstile\" \t\tdata-sitekey=\"0x4AAAAAAAb3kzlxvTGj8Fhx\"\r\n\t\tdata-theme=\"light\"\r\n\t\tdata-language=\"auto\"\r\n\t\tdata-size=\"\"\r\n\t\tdata-retry=\"auto\" data-retry-interval=\"1000\"\r\n\t\tdata-refresh-expired=\"auto\"\r\n\t\tdata-refresh-timeout=\"auto\"\r\n\t\tdata-action=\"wpforms-16434\"\r\n\t\tdata-callback=\"turnstileWPFCallback\"\r\n\t\t\t\tdata-appearance=\"always\"><\/div>\r\n\t\t\t<script>document.addEventListener(\"DOMContentLoaded\", function() { setTimeout(function(){ var e=document.getElementById(\"cf-turnstile-wpf-4214572833\"); if(e&&!e.innerHTML.trim()){turnstile.render(e, {sitekey:\"0x4AAAAAAAb3kzlxvTGj8Fhx\"});} }, 200); });<\/script>\r\n\t\t\t<br class=\"cf-turnstile-br cf-turnstile-br-wpf-4214572833\">\r\n\t\t\t\t<style>#cf-turnstile-wpf-4214572833 { margin-left: -15px; }<\/style>\r\n\t\t<button type=\"submit\" name=\"wpforms[submit]\" id=\"wpforms-submit-16434\" class=\"wpforms-submit\" data-alt-text=\"Mesaj\u0131n\u0131z g\u00f6nderiliyor...\" data-submit-text=\"G\u00d6NDER\" aria-live=\"assertive\" value=\"wpforms-submit\">G\u00d6NDER<\/button><img decoding=\"async\" src=\"https:\/\/plaskar.com\/wp-content\/plugins\/wpforms-lite\/assets\/images\/submit-spin.svg\" class=\"wpforms-submit-spinner\" style=\"display: none;\" width=\"26\" height=\"26\" alt=\"Loading\"><\/div><\/form><\/div>  <!-- .wpforms-container -->\t\t\t\t<\/div>\n\t\t\t\t<\/div>\n\t\t\t\t\t<\/div>\n\t\t<\/div>\n\t\t\t\t<div class=\"elementor-column elementor-col-50 elementor-top-column elementor-element elementor-element-639c8b18\" data-id=\"639c8b18\" data-element_type=\"column\" data-e-type=\"column\">\n\t\t\t<div class=\"elementor-widget-wrap elementor-element-populated\">\n\t\t\t\t\t\t<div class=\"elementor-element elementor-element-535e2ba3 elementor-widget elementor-widget-wd_title\" data-id=\"535e2ba3\" data-element_type=\"widget\" data-e-type=\"widget\" data-widget_type=\"wd_title.default\">\n\t\t\t\t<div class=\"elementor-widget-container\">\n\t\t\t\t\t\t\t<div class=\"title-wrapper set-mb-s reset-last-child wd-title-color-default wd-title-style-bordered wd-title-size-default text-left\">\n\n\t\t\t\n\t\t\t<div class=\"liner-continer\">\n\t\t\t\t<h4 class=\"woodmart-title-container title wd-fontsize-l\">\u0130leti\u015fim<\/h4> \n\t\t\t\t\t\t\t<\/div>\n\n\t\t\t\t\t<\/div>\n\t\t\t\t\t\t<\/div>\n\t\t\t\t<\/div>\n\t\t<div class=\"elementor-element elementor-element-633aca3 e-flex e-con-boxed wd-section-disabled e-con e-parent\" data-id=\"633aca3\" data-element_type=\"container\" data-e-type=\"container\">\n\t\t\t\t\t<div class=\"e-con-inner\">\n\t\t<div class=\"elementor-element elementor-element-5f3d6a6 e-flex e-con-boxed wd-section-disabled e-con e-child\" data-id=\"5f3d6a6\" data-element_type=\"container\" data-e-type=\"container\">\n\t\t\t\t\t<div class=\"e-con-inner\">\n\t\t<div class=\"elementor-element elementor-element-9c0f999 e-con-full e-flex wd-section-disabled e-con e-child\" data-id=\"9c0f999\" data-element_type=\"container\" data-e-type=\"container\">\n\t\t<div class=\"elementor-element elementor-element-b2d82c1 e-flex e-con-boxed wd-section-disabled e-con e-child\" data-id=\"b2d82c1\" data-element_type=\"container\" data-e-type=\"container\">\n\t\t\t\t\t<div class=\"e-con-inner\">\n\t\t\t\t<div class=\"elementor-element elementor-element-1539e4e elementor-widget elementor-widget-wd_title\" data-id=\"1539e4e\" data-element_type=\"widget\" data-e-type=\"widget\" data-widget_type=\"wd_title.default\">\n\t\t\t\t<div class=\"elementor-widget-container\">\n\t\t\t\t\t\t\t<div class=\"title-wrapper set-mb-s reset-last-child wd-title-color-default wd-title-style-default wd-title-size-default text-left\">\n\n\t\t\t\n\t\t\t<div class=\"liner-continer\">\n\t\t\t\t<h4 class=\"woodmart-title-container title wd-fontsize-l\">E-Posta Adresi:<\/h4> \n\t\t\t\t\t\t\t<\/div>\n\n\t\t\t\t\t<\/div>\n\t\t\t\t\t\t<\/div>\n\t\t\t\t<\/div>\n\t\t\t\t<div class=\"elementor-element elementor-element-6e6c8f9 elementor-widget elementor-widget-wd_infobox\" data-id=\"6e6c8f9\" data-element_type=\"widget\" data-e-type=\"widget\" data-widget_type=\"wd_infobox.default\">\n\t\t\t\t<div class=\"elementor-widget-container\">\n\t\t\t\t\t\t\t\t<link rel=\"stylesheet\" id=\"wd-info-box-css\" href=\"https:\/\/plaskar.com\/wp-content\/themes\/woodmart\/css\/parts\/el-info-box.min.css?ver=7.3.2\" type=\"text\/css\" media=\"all\" \/> \t\t\t\t\t<div class=\"info-box-wrapper\">\n\t\t\t<div class=\"wd-info-box text-left box-icon-align-right box-style-base color-scheme-dark wd-items-top\"  style=\"\">\n\t\t\t\t\t\t\t\t\t<div class=\"box-icon-wrapper  box-with-icon box-icon-simple\">\n\t\t\t\t\t\t<div class=\"info-box-icon\">\n\t\t\t\t\t\t\t\t\t\t\t\t\t\t\t<span class=\"info-svg-wrapper info-icon\" style=\"width:40px; height:40px;\"><svg id=\"svg-9337\" xmlns=\"http:\/\/www.w3.org\/2000\/svg\" width=\"32\" height=\"32\" viewBox=\"0 0 32 32\" fill=\"none\"><path d=\"M2.5 16C2.5 8.54416 8.54416 2.5 16 2.5C23.4558 2.5 29.5 8.54416 29.5 16C29.5 17.9508 29.0073 19.2445 28.2 19.85C27.425 20.4313 26.156 20.519 24.2236 19.5528C23.9766 19.4293 23.6763 19.5294 23.5528 19.7764C23.4293 20.0234 23.5294 20.3237 23.7764 20.4472C25.844 21.481 27.575 21.5687 28.8 20.65C29.9927 19.7555 30.5 18.0492 30.5 16C30.5 7.99187 24.0081 1.5 16 1.5C7.99187 1.5 1.5 7.99187 1.5 16C1.5 24.0081 7.99187 30.5 16 30.5C20.3308 30.5 24.2187 28.6007 26.8749 25.5913C27.0576 25.3842 27.0379 25.0682 26.8309 24.8855C26.6238 24.7028 26.3079 24.7225 26.1251 24.9295C23.6507 27.733 20.032 29.5 16 29.5C8.54416 29.5 2.5 23.4558 2.5 16Z\" fill=\"#0F91E3\"><\/path><path d=\"M9.5 16C9.5 12.4101 12.4101 9.5 16 9.5C19.5899 9.5 22.5 12.4101 22.5 16C22.5 16.2761 22.7239 16.5 23 16.5C23.2761 16.5 23.5 16.2761 23.5 16C23.5 11.8579 20.1421 8.5 16 8.5C11.8579 8.5 8.5 11.8579 8.5 16C8.5 20.1421 11.8579 23.5 16 23.5C18.7767 23.5 21.2003 21.9908 22.4963 19.7504C22.6346 19.5113 22.5529 19.2055 22.3139 19.0672C22.0749 18.9289 21.769 19.0106 21.6307 19.2496C20.5061 21.1938 18.4053 22.5 16 22.5C12.4101 22.5 9.5 19.5899 9.5 16Z\" fill=\"#0F91E3\"><\/path><\/svg> <\/span>\t\t\t\t\t\t\t\t\t\t\t\t\t<\/div>\n\t\t\t\t\t<\/div>\n\t\t\t\t\n\t\t\t\t<div class=\"info-box-content\">\n\t\t\t\t\t\n\t\t\t\t\t\n\t\t\t\t\t<div class=\"info-box-inner set-cont-mb-s reset-last-child\"data-elementor-setting-key=\"content\"><p><a href=\"mailto:bilgi@plaskar.com\">bilgi@plaskar.com<\/a><\/p>\n<\/div>\n\t\n\t\t\t\t\t\t\t\t\t<\/div>\n\t\t\t<\/div>\n\t\t<\/div>\n\t\t\t\t\t\t<\/div>\n\t\t\t\t<\/div>\n\t\t\t\t\t<\/div>\n\t\t\t\t<\/div>\n\t\t\t\t<\/div>\n\t\t<div class=\"elementor-element elementor-element-0fd3dfc e-con-full e-flex wd-section-disabled e-con e-child\" data-id=\"0fd3dfc\" data-element_type=\"container\" data-e-type=\"container\">\n\t\t\t\t<div class=\"elementor-element elementor-element-71cf066 elementor-widget elementor-widget-wd_title\" data-id=\"71cf066\" data-element_type=\"widget\" data-e-type=\"widget\" data-widget_type=\"wd_title.default\">\n\t\t\t\t<div class=\"elementor-widget-container\">\n\t\t\t\t\t\t\t<div class=\"title-wrapper set-mb-s reset-last-child wd-title-color-default wd-title-style-default wd-title-size-default text-left\">\n\n\t\t\t\n\t\t\t<div class=\"liner-continer\">\n\t\t\t\t<h4 class=\"woodmart-title-container title wd-fontsize-l\">Telefon:<\/h4> \n\t\t\t\t\t\t\t<\/div>\n\n\t\t\t\t\t<\/div>\n\t\t\t\t\t\t<\/div>\n\t\t\t\t<\/div>\n\t\t\t\t<div class=\"elementor-element elementor-element-d9b3c74 elementor-widget elementor-widget-wd_infobox\" data-id=\"d9b3c74\" data-element_type=\"widget\" data-e-type=\"widget\" data-widget_type=\"wd_infobox.default\">\n\t\t\t\t<div class=\"elementor-widget-container\">\n\t\t\t\t\t\t\t<div class=\"info-box-wrapper\">\n\t\t\t<div class=\"wd-info-box text-left box-icon-align-right box-style-base color-scheme-dark wd-items-top\"  style=\"\">\n\t\t\t\t\t\t\t\t\t<div class=\"box-icon-wrapper  box-with-icon box-icon-simple\">\n\t\t\t\t\t\t<div class=\"info-box-icon\">\n\t\t\t\t\t\t\t\t\t\t\t\t\t\t\t<span class=\"info-svg-wrapper info-icon\" style=\"width:40px; height:40px;\"><svg id=\"svg-4399\" xmlns=\"http:\/\/www.w3.org\/2000\/svg\" width=\"32\" height=\"32\" viewBox=\"0 0 32 32\" fill=\"none\"><path d=\"M9 4.5C9 3.11929 10.1193 2 11.5 2H20.51C21.8852 2 23 3.11481 23 4.49V4.5C23 4.77614 22.7761 5 22.5 5C22.2239 5 22 4.77614 22 4.5V4.49C22 3.6671 21.3329 3 20.51 3H11.5C10.6716 3 10 3.67157 10 4.5V22.5C10 22.7761 9.77614 23 9.5 23C9.22386 23 9 22.7761 9 22.5V4.5Z\" fill=\"#0F91E3\"><\/path><path d=\"M11 6.5C11 6.22386 11.2239 6 11.5 6H22.5C22.7761 6 23 6.22386 23 6.5V26.5C23 27.8807 21.8807 29 20.5 29H11.5C10.1193 29 9 27.8807 9 26.5V24.5C9 24.2239 9.22386 24 9.5 24H20.5C20.7761 24 21 24.2239 21 24.5C21 24.7761 20.7761 25 20.5 25H10V26.5C10 27.3284 10.6716 28 11.5 28H20.5C21.3284 28 22 27.3284 22 26.5V7H11.5C11.2239 7 11 6.77614 11 6.5Z\" fill=\"#0F91E3\"><\/path><path d=\"M15 26.5C15 25.9477 15.4477 25.5 16 25.5C16.5523 25.5 17 25.9477 17 26.5C17 27.0523 16.5523 27.5 16 27.5C15.4477 27.5 15 27.0523 15 26.5Z\" fill=\"#0F91E3\"><\/path><path d=\"M13.5 5C13.7761 5 14 4.77614 14 4.5C14 4.22386 13.7761 4 13.5 4C13.2239 4 13 4.22386 13 4.5C13 4.77614 13.2239 5 13.5 5Z\" fill=\"#0F91E3\"><\/path><path d=\"M15 4.5C15 4.22386 15.2239 4 15.5 4H18.5C18.7761 4 19 4.22386 19 4.5C19 4.77614 18.7761 5 18.5 5H15.5C15.2239 5 15 4.77614 15 4.5Z\" fill=\"#0F91E3\"><\/path><path d=\"M16.814 9.13967C16.6278 8.95344 16.3259 8.95344 16.1397 9.13967C15.9534 9.32589 15.9534 9.62782 16.1397 9.81405L20.1859 13.8603C20.3722 14.0466 20.6741 14.0466 20.8603 13.8603C21.0466 13.6741 21.0466 13.3722 20.8603 13.186L16.814 9.13967Z\" fill=\"#0F91E3\"><\/path><path d=\"M19.5116 9.13967C19.3253 8.95344 19.0234 8.95344 18.8372 9.13967C18.651 9.32589 18.651 9.62782 18.8372 9.81405L20.186 11.1628C20.3722 11.349 20.6741 11.349 20.8603 11.1628C21.0466 10.9766 21.0466 10.6747 20.8603 10.4884L19.5116 9.13967Z\" fill=\"#0F91E3\"><\/path><\/svg> <\/span>\t\t\t\t\t\t\t\t\t\t\t\t\t<\/div>\n\t\t\t\t\t<\/div>\n\t\t\t\t\n\t\t\t\t<div class=\"info-box-content\">\n\t\t\t\t\t\n\t\t\t\t\t\n\t\t\t\t\t<div class=\"info-box-inner set-cont-mb-s reset-last-child\"data-elementor-setting-key=\"content\"><p><a href=\"tel:+902244932598\">+90 (224) 493 25 98<\/a><br \/><a href=\"tel:+902244932598\">+90 (224) 493 25 97<\/a><span style=\"font-size: 14px; color: var(--wd-text-color); background-color: var(--wd-main-bgcolor);\"><\/span><\/p>\n<\/div>\n\t\n\t\t\t\t\t\t\t\t\t<\/div>\n\t\t\t<\/div>\n\t\t<\/div>\n\t\t\t\t\t\t<\/div>\n\t\t\t\t<\/div>\n\t\t\t\t<\/div>\n\t\t\t\t\t<\/div>\n\t\t\t\t<\/div>\n\t\t\t\t\t<\/div>\n\t\t\t\t<\/div>\n\t\t\t\t\t<\/div>\n\t\t<\/div>\n\t\t\t\t\t<\/div>\n\t\t<\/section>\n\t\t\t\t<section class=\"elementor-section elementor-top-section elementor-element elementor-element-47aa8436 wd-section-stretch-content elementor-section-boxed elementor-section-height-default elementor-section-height-default\" data-id=\"47aa8436\" data-element_type=\"section\" data-e-type=\"section\">\n\t\t\t\t\t\t<div class=\"elementor-container elementor-column-gap-no\">\n\t\t\t\t\t<div class=\"elementor-column elementor-col-100 elementor-top-column elementor-element elementor-element-6073f78c\" data-id=\"6073f78c\" data-element_type=\"column\" data-e-type=\"column\">\n\t\t\t<div class=\"elementor-widget-wrap elementor-element-populated\">\n\t\t\t\t\t\t<div class=\"elementor-element elementor-element-1722f680 elementor-widget elementor-widget-wd_google_map\" data-id=\"1722f680\" data-element_type=\"widget\" data-e-type=\"widget\" data-widget_type=\"wd_google_map.default\">\n\t\t\t\t<div class=\"elementor-widget-container\">\n\t\t\t\t\t\t\t\t<link rel=\"stylesheet\" id=\"wd-map-css\" href=\"https:\/\/plaskar.com\/wp-content\/themes\/woodmart\/css\/parts\/el-map.min.css?ver=7.3.2\" type=\"text\/css\" media=\"all\" \/> \t\t\t\t\t\t<link rel=\"stylesheet\" id=\"wd-el-google-map-css\" href=\"https:\/\/plaskar.com\/wp-content\/themes\/woodmart\/css\/parts\/el-google-map.min.css?ver=7.3.2\" type=\"text\/css\" media=\"all\" \/> \t\t\t\t\t<div class=\"google-map-container wd-map-container map-container-with-content\" data-map-args='{\"multiple_markers\":\"no\",\"latitude\":\"40.178901836432125\",\"longitude\":\"28.822351497604455\",\"zoom\":15,\"mouse_zoom\":\"no\",\"init_type\":\"page_load\",\"init_offset\":\"\",\"json_style\":\"W3siZmVhdHVyZVR5cGUiOiJsYW5kc2NhcGUubWFuX21hZGUiLCJlbGVtZW50VHlwZSI6ImFsbCIsInN0eWxlcnMiOlt7ImNvbG9yIjoiI2ZhZjVlZCJ9LHsibGlnaHRuZXNzIjoiMCJ9LHsiZ2FtbWEiOiIxIn1dfSx7ImZlYXR1cmVUeXBlIjoicG9pLnBhcmsiLCJlbGVtZW50VHlwZSI6Imdlb21ldHJ5LmZpbGwiLCJzdHlsZXJzIjpbeyJjb2xvciI6IiNiYWU1YTYifV19LHsiZmVhdHVyZVR5cGUiOiJyb2FkIiwiZWxlbWVudFR5cGUiOiJhbGwiLCJzdHlsZXJzIjpbeyJ3ZWlnaHQiOiIxLjAwIn0seyJnYW1tYSI6IjEuOCJ9LHsic2F0dXJhdGlvbiI6IjAifV19LHsiZmVhdHVyZVR5cGUiOiJyb2FkIiwiZWxlbWVudFR5cGUiOiJnZW9tZXRyeS5maWxsIiwic3R5bGVycyI6W3siaHVlIjoiI2ZmYjIwMCJ9XX0seyJmZWF0dXJlVHlwZSI6InJvYWQuYXJ0ZXJpYWwiLCJlbGVtZW50VHlwZSI6Imdlb21ldHJ5LmZpbGwiLCJzdHlsZXJzIjpbeyJsaWdodG5lc3MiOiIwIn0seyJnYW1tYSI6IjEifV19LHsiZmVhdHVyZVR5cGUiOiJ0cmFuc2l0LnN0YXRpb24uYWlycG9ydCIsImVsZW1lbnRUeXBlIjoiYWxsIiwic3R5bGVycyI6W3siaHVlIjoiI2IwMDBmZiJ9LHsic2F0dXJhdGlvbiI6IjIzIn0seyJsaWdodG5lc3MiOiItNCJ9LHsiZ2FtbWEiOiIwLjgwIn1dfSx7ImZlYXR1cmVUeXBlIjoid2F0ZXIiLCJlbGVtZW50VHlwZSI6ImFsbCIsInN0eWxlcnMiOlt7ImNvbG9yIjoiI2EwZGFmMiJ9XX1d\",\"marker_icon\":\"https:\\\/\\\/plaskar.com\\\/wp-content\\\/themes\\\/woodmart\\\/inc\\\/admin\\\/assets\\\/images\\\/google-icon.png\",\"marker_icon_size\":\"\",\"elementor\":true,\"marker_text_needed\":\"no\",\"marker_text\":\"<h3 style=\\\"min-width:300px; text-align:center; margin:15px;\\\"><\\\/h3>\",\"selector\":\"wd-map-id-69f305df1e857\",\"markers\":null,\"center\":\"\"}'>\n\n\t\t\t\n\t\t\t\n\t\t\t<div class=\"wd-google-map-wrapper wd-map-wrapper wd-fill\">\n\t\t\t\t<div id=\"wd-map-id-69f305df1e857\" class=\"wd-google-map without-content wd-fill\"><\/div>\n\t\t\t<\/div>\n\n\t\t\t\t\t\t\t<div class=\"container wd-google-map-content-wrap wd-map-content-wrap wd-items-middle wd-justify-left\">\n\t\t\t\t\t<div class=\"wd-google-map-content wd-map-content reset-last-child\">\n\t\t\t\t\t\t\t\t\t\t\t\t\t<h4>Adres<\/h4>\n<div>\n<p><span class=\"LrzXr\">Kayapa OSB Kayapa Mah. Ye\u015fil Cad. No: 13 Nil\u00fcfer\/BURSA<\/span><\/p>\n<\/div>\n\t\t\t\t\t\t\t\t\t\t\t<\/div>\n\t\t\t\t<\/div>\n\t\t\t\t\t<\/div>\n\t\t\t\t\t\t<\/div>\n\t\t\t\t<\/div>\n\t\t\t\t\t<\/div>\n\t\t<\/div>\n\t\t\t\t\t<\/div>\n\t\t<\/section>\n\t\t\t\t<\/div>\n\t\t","protected":false},"excerpt":{"rendered":"<p>\u0130leti\u015fim \u0130leti\u015fim Formu Bu formu bitirebilmek i\u00e7in taray\u0131c\u0131n\u0131zda JavaScript&#039;i etkinle\u015ftirin.Bu formu bitirebilmek i\u00e7in taray\u0131c\u0131n\u0131zda JavaScript&#039;i etkinle\u015ftirin.Ad Soyad *E-Posta Adresi *Firma<\/p>","protected":false},"author":1,"featured_media":0,"parent":0,"menu_order":0,"comment_status":"closed","ping_status":"closed","template":"elementor_header_footer","meta":{"footnotes":""},"class_list":["post-17534","page","type-page","status-publish","hentry"],"_links":{"self":[{"href":"https:\/\/plaskar.com\/en\/wp-json\/wp\/v2\/pages\/17534","targetHints":{"allow":["GET"]}}],"collection":[{"href":"https:\/\/plaskar.com\/en\/wp-json\/wp\/v2\/pages"}],"about":[{"href":"https:\/\/plaskar.com\/en\/wp-json\/wp\/v2\/types\/page"}],"author":[{"embeddable":true,"href":"https:\/\/plaskar.com\/en\/wp-json\/wp\/v2\/users\/1"}],"replies":[{"embeddable":true,"href":"https:\/\/plaskar.com\/en\/wp-json\/wp\/v2\/comments?post=17534"}],"version-history":[{"count":43,"href":"https:\/\/plaskar.com\/en\/wp-json\/wp\/v2\/pages\/17534\/revisions"}],"predecessor-version":[{"id":19023,"href":"https:\/\/plaskar.com\/en\/wp-json\/wp\/v2\/pages\/17534\/revisions\/19023"}],"wp:attachment":[{"href":"https:\/\/plaskar.com\/en\/wp-json\/wp\/v2\/media?parent=17534"}],"curies":[{"name":"wp","href":"https:\/\/api.w.org\/{rel}","templated":true}]}}