{"id":16238,"date":"2023-10-19T22:50:28","date_gmt":"2023-10-19T19:50:28","guid":{"rendered":"http:\/\/plaskar.com\/?page_id=16238"},"modified":"2024-03-25T11:31:51","modified_gmt":"2024-03-25T08:31:51","slug":"havacilik-parcalar","status":"publish","type":"page","link":"https:\/\/plaskar.com\/en\/havacilik-parcalar\/","title":{"rendered":"Havac\u0131l\u0131k Par\u00e7alar"},"content":{"rendered":"<div data-elementor-type=\"wp-page\" data-elementor-id=\"16238\" class=\"elementor elementor-16238\">\n\t\t\t\t<div class=\"elementor-element elementor-element-59b36d7 e-con-full wd-section-stretch e-flex e-con e-parent\" data-id=\"59b36d7\" data-element_type=\"container\" data-e-type=\"container\" data-settings=\"{&quot;background_background&quot;:&quot;classic&quot;}\">\n\t\t<div class=\"elementor-element elementor-element-e995e93 e-con-full wd-section-stretch e-flex e-con e-child\" data-id=\"e995e93\" data-element_type=\"container\" data-e-type=\"container\" data-settings=\"{&quot;background_background&quot;:&quot;classic&quot;}\">\n\t\t<div class=\"elementor-element elementor-element-3d44f54 e-con-full header-title-plaskar e-flex wd-section-disabled e-con e-child\" data-id=\"3d44f54\" data-element_type=\"container\" data-e-type=\"container\">\n\t\t\t\t<div class=\"elementor-element elementor-element-0c7fadb elementor-widget elementor-widget-image\" data-id=\"0c7fadb\" data-element_type=\"widget\" data-e-type=\"widget\" data-widget_type=\"image.default\">\n\t\t\t\t<div class=\"elementor-widget-container\">\n\t\t\t\t\t\t\t\t\t\t\t\t\t\t\t<img decoding=\"async\" width=\"104\" height=\"104\" src=\"https:\/\/plaskar.com\/wp-content\/uploads\/2024\/03\/04-icon.png\" class=\"attachment-large size-large wp-image-18180\" alt=\"\" srcset=\"https:\/\/plaskar.com\/wp-content\/uploads\/2024\/03\/04-icon.png 104w, https:\/\/plaskar.com\/wp-content\/uploads\/2024\/03\/04-icon-12x12.png 12w\" sizes=\"(max-width: 104px) 100vw, 104px\" \/>\t\t\t\t\t\t\t\t\t\t\t\t\t\t\t<\/div>\n\t\t\t\t<\/div>\n\t\t\t\t<div class=\"elementor-element elementor-element-6bf3c0b elementor-widget elementor-widget-heading\" data-id=\"6bf3c0b\" data-element_type=\"widget\" data-e-type=\"widget\" data-widget_type=\"heading.default\">\n\t\t\t\t<div class=\"elementor-widget-container\">\n\t\t\t\t\t<h2 class=\"elementor-heading-title elementor-size-default\">\u00dcR\u00dcNLER VE PROJELER\n<br>\n<span style=\"font-size:14pt\">Aviation Parts<\/span><\/h2>\t\t\t\t<\/div>\n\t\t\t\t<\/div>\n\t\t\t\t<\/div>\n\t\t\t\t<\/div>\n\t\t\t\t<\/div>\n\t\t<div class=\"elementor-element elementor-element-9c663b7 e-flex e-con-boxed wd-section-disabled e-con e-parent\" data-id=\"9c663b7\" data-element_type=\"container\" data-e-type=\"container\">\n\t\t\t\t\t<div class=\"e-con-inner\">\n\t\t\t\t<div class=\"elementor-element elementor-element-4b84e9c plaskar-products elementor-widget elementor-widget-wd_tabs\" data-id=\"4b84e9c\" data-element_type=\"widget\" data-e-type=\"widget\" data-widget_type=\"wd_tabs.default\">\n\t\t\t\t<div class=\"elementor-widget-container\">\n\t\t\t\t\t\t\t\t<link rel=\"stylesheet\" id=\"wd-tabs-css\" href=\"https:\/\/plaskar.com\/wp-content\/themes\/woodmart\/css\/parts\/el-tabs.min.css?ver=7.3.2\" type=\"text\/css\" media=\"all\" \/> \t\t\t\t\t<div class=\"wd-tabs tabs-design-aside wd-header-with-bg\">\n\t\t\t<div class=\"wd-tabs-header text-center\">\n\t\t\t\t\n\t\t\t\t\n\t\t\t\t<div class=\"wd-nav-wrapper wd-nav-tabs-wrapper\">\n\t\t\t\t\t<ul class=\"wd-nav wd-nav-tabs wd-icon-pos-left wd-style-underline\">\n\t\t\t\t\t\t\t\t\t\t\t\t\t\n\t\t\t\t\t\t\t<li>\n\t\t\t\t\t\t\t\t<a href=\"#\" class=\"wd-nav-link\">\n\t\t\t\t\t\t\t\t\t\n\t\t\t\t\t\t\t\t\t<span class=\"nav-link-text wd-tabs-title\">\n\t\t\t\t\t\t\t\t\t\tKoltuk Kol\u00e7ak\t\t\t\t\t\t\t\t\t<\/span>\n\t\t\t\t\t\t\t\t<\/a>\n\t\t\t\t\t\t\t<\/li>\n\n\t\t\t\t\t\t\t\t\t\t\t<\/ul>\n\t\t\t\t<\/div>\n\t\t\t<\/div>\n\n\t\t\t<div class=\"wd-tab-content-wrapper color-scheme-dark\">\n\t\t\t\t\t\t\t\t\t\t\t\t\t\t\n\t\t\t\t\t\n\t\t\t\t\t<div class=\"wd-tab-content wd-active wd-in\">\n\t\t\t\t\t\t\t\t\t\t\t\t\t\t\t\t<link rel=\"stylesheet\" id=\"elementor-post-16414-css\" href=\"https:\/\/plaskar.com\/wp-content\/uploads\/elementor\/css\/post-16414.css?ver=1777271569\" type=\"text\/css\" media=\"all\">\n\t\t\t\t\t<div data-elementor-type=\"wp-post\" data-elementor-id=\"16414\" class=\"elementor elementor-16414\">\n\t\t\t\t<div class=\"elementor-element elementor-element-905036b e-flex e-con-boxed wd-section-disabled e-con e-parent\" data-id=\"905036b\" data-element_type=\"container\" data-e-type=\"container\">\n\t\t\t\t\t<div class=\"e-con-inner\">\n\t\t<div class=\"elementor-element elementor-element-eac2b11 e-con-full e-flex wd-section-disabled e-con e-child\" data-id=\"eac2b11\" data-element_type=\"container\" data-e-type=\"container\">\n\t\t\t\t<div class=\"elementor-element elementor-element-7c8858f elementor-widget elementor-widget-wd_images_gallery\" data-id=\"7c8858f\" data-element_type=\"widget\" data-e-type=\"widget\" data-widget_type=\"wd_images_gallery.default\">\n\t\t\t\t<div class=\"elementor-widget-container\">\n\t\t\t\t\t\t\t\t<link rel=\"stylesheet\" id=\"wd-photoswipe-css\" href=\"https:\/\/plaskar.com\/wp-content\/themes\/woodmart\/css\/parts\/lib-photoswipe.min.css?ver=7.3.2\" type=\"text\/css\" media=\"all\" \/> \t\t\t\t\t\t<link rel=\"stylesheet\" id=\"wd-image-gallery-css\" href=\"https:\/\/plaskar.com\/wp-content\/themes\/woodmart\/css\/parts\/el-gallery.min.css?ver=7.3.2\" type=\"text\/css\" media=\"all\" \/> \t\t\t\t\t<div class=\"wd-images-gallery wd-justify-left wd-items-middle view-grid photoswipe-images\" >\n\t\t\t<div class=\"gallery-images row wd-spacing-10\">\n\t\t\t\t\t\t\t\t\t\t\t\t\t\t<div class=\"wd-gallery-item  col-lg-3 col-md-3 col-12\">\n\t\t\t\t\t\t\t\t\t\t\t\t\t<a  href=\"https:\/\/plaskar.com\/wp-content\/uploads\/2023\/10\/f02-scaled.jpg\"data-width=\"2560\" data-height=\"1759\" data-index=\"1\" data-elementor-open-lightbox=\"no\">\n\t\t\t\t\t\t\n\t\t\t\t\t\t<img decoding=\"async\" src=\"https:\/\/plaskar.com\/wp-content\/uploads\/2023\/10\/f02-1164x800.jpg\"alt=\"f02\">\n\t\t\t\t\t\t\t\t\t\t\t\t\t<\/a>\n\t\t\t\t\t\t\t\t\t\t\t<\/div>\n\t\t\t\t\t\t\t\t\t\t\t\t\t\t\t<div class=\"wd-gallery-item  col-lg-3 col-md-3 col-12\">\n\t\t\t\t\t\t\t\t\t\t\t\t\t<a  href=\"https:\/\/plaskar.com\/wp-content\/uploads\/2023\/10\/f03-scaled.jpg\"data-width=\"2560\" data-height=\"1952\" data-index=\"2\" data-elementor-open-lightbox=\"no\">\n\t\t\t\t\t\t\n\t\t\t\t\t\t<img decoding=\"async\" src=\"https:\/\/plaskar.com\/wp-content\/uploads\/2023\/10\/f03-1049x800.jpg\"alt=\"f03\">\n\t\t\t\t\t\t\t\t\t\t\t\t\t<\/a>\n\t\t\t\t\t\t\t\t\t\t\t<\/div>\n\t\t\t\t\t\t\t\t\t\t\t\t\t\t\t<div class=\"wd-gallery-item  col-lg-3 col-md-3 col-12\">\n\t\t\t\t\t\t\t\t\t\t\t\t\t<a  href=\"https:\/\/plaskar.com\/wp-content\/uploads\/2023\/10\/Resim27.png\"data-width=\"792\" data-height=\"560\" data-index=\"3\" data-elementor-open-lightbox=\"no\">\n\t\t\t\t\t\t\n\t\t\t\t\t\t<img decoding=\"async\" src=\"https:\/\/plaskar.com\/wp-content\/uploads\/2023\/10\/Resim27.png\"alt=\"Resim27\">\n\t\t\t\t\t\t\t\t\t\t\t\t\t<\/a>\n\t\t\t\t\t\t\t\t\t\t\t<\/div>\n\t\t\t\t\t\t\t\t<\/div>\n\t\t<\/div>\n\t\t\t\t\t\t<\/div>\n\t\t\t\t<\/div>\n\t\t\t\t<\/div>\n\t\t\t\t\t<\/div>\n\t\t\t\t<\/div>\n\t\t\t\t<\/div>\n\t\t\t\t\t\t\t\t\t\t\t\t\t<\/div>\n\n\t\t\t\t\t\t\t<\/div>\n\t\t<\/div>\n\t\t\t\t\t\t<\/div>\n\t\t\t\t<\/div>\n\t\t\t\t\t<\/div>\n\t\t\t\t<\/div>\n\t\t\t\t<\/div>","protected":false},"excerpt":{"rendered":"<p>\u00dcR\u00dcNLER VE PROJELER Havac\u0131l\u0131k Par\u00e7alar\u0131 Koltuk Kol\u00e7ak<\/p>","protected":false},"author":1,"featured_media":0,"parent":0,"menu_order":0,"comment_status":"closed","ping_status":"closed","template":"elementor_header_footer","meta":{"footnotes":""},"class_list":["post-16238","page","type-page","status-publish","hentry"],"_links":{"self":[{"href":"https:\/\/plaskar.com\/en\/wp-json\/wp\/v2\/pages\/16238","targetHints":{"allow":["GET"]}}],"collection":[{"href":"https:\/\/plaskar.com\/en\/wp-json\/wp\/v2\/pages"}],"about":[{"href":"https:\/\/plaskar.com\/en\/wp-json\/wp\/v2\/types\/page"}],"author":[{"embeddable":true,"href":"https:\/\/plaskar.com\/en\/wp-json\/wp\/v2\/users\/1"}],"replies":[{"embeddable":true,"href":"https:\/\/plaskar.com\/en\/wp-json\/wp\/v2\/comments?post=16238"}],"version-history":[{"count":34,"href":"https:\/\/plaskar.com\/en\/wp-json\/wp\/v2\/pages\/16238\/revisions"}],"predecessor-version":[{"id":18782,"href":"https:\/\/plaskar.com\/en\/wp-json\/wp\/v2\/pages\/16238\/revisions\/18782"}],"wp:attachment":[{"href":"https:\/\/plaskar.com\/en\/wp-json\/wp\/v2\/media?parent=16238"}],"curies":[{"name":"wp","href":"https:\/\/api.w.org\/{rel}","templated":true}]}}